{"id":3667,"date":"2023-09-20T12:02:26","date_gmt":"2023-09-20T12:02:26","guid":{"rendered":"https:\/\/elwebben.se\/?post_type=product_variation&#038;p=3667"},"modified":"2025-12-15T14:50:57","modified_gmt":"2025-12-15T14:50:57","slug":"relaaktor-1","status":"publish","type":"product","link":"https:\/\/elwebben.se\/en\/product\/relaaktor-1\/","title":{"rendered":"Rel\u00e4aktor &#8211; 1"},"content":{"rendered":"<p>Rel\u00e4aktor 1 eller 2-kanaler med bin\u00e4ring\u00e5ng<\/p>","protected":false},"excerpt":{"rendered":"<p>Rel\u00e4aktor 1kanal med 3-kanal bin\u00e4ring\u00e5ng<\/p>","protected":false},"featured_media":3670,"comment_status":"closed","ping_status":"closed","template":"","meta":[],"product_brand":[],"product_cat":[220],"product_tag":[],"class_list":{"0":"post-3667","1":"product","2":"type-product","3":"status-publish","4":"has-post-thumbnail","6":"product_cat-knx","7":"pa_kanaler-221","9":"first","10":"instock","11":"taxable","12":"shipping-taxable","13":"purchasable","14":"product-type-simple"},"_links":{"self":[{"href":"https:\/\/elwebben.se\/en\/wp-json\/wp\/v2\/product\/3667","targetHints":{"allow":["GET"]}}],"collection":[{"href":"https:\/\/elwebben.se\/en\/wp-json\/wp\/v2\/product"}],"about":[{"href":"https:\/\/elwebben.se\/en\/wp-json\/wp\/v2\/types\/product"}],"replies":[{"embeddable":true,"href":"https:\/\/elwebben.se\/en\/wp-json\/wp\/v2\/comments?post=3667"}],"version-history":[{"count":0,"href":"https:\/\/elwebben.se\/en\/wp-json\/wp\/v2\/product\/3667\/revisions"}],"wp:featuredmedia":[{"embeddable":true,"href":"https:\/\/elwebben.se\/en\/wp-json\/wp\/v2\/media\/3670"}],"wp:attachment":[{"href":"https:\/\/elwebben.se\/en\/wp-json\/wp\/v2\/media?parent=3667"}],"wp:term":[{"taxonomy":"product_brand","embeddable":true,"href":"https:\/\/elwebben.se\/en\/wp-json\/wp\/v2\/product_brand?post=3667"},{"taxonomy":"product_cat","embeddable":true,"href":"https:\/\/elwebben.se\/en\/wp-json\/wp\/v2\/product_cat?post=3667"},{"taxonomy":"product_tag","embeddable":true,"href":"https:\/\/elwebben.se\/en\/wp-json\/wp\/v2\/product_tag?post=3667"}],"curies":[{"name":"wp","href":"https:\/\/api.w.org\/{rel}","templated":true}]}}