{"id":3543,"date":"2023-09-11T12:14:18","date_gmt":"2023-09-11T12:14:18","guid":{"rendered":"https:\/\/elwebben.se\/?post_type=product_variation&#038;p=3543"},"modified":"2025-12-15T14:50:21","modified_gmt":"2025-12-15T14:50:21","slug":"spanningsforsorjning-160-ma","status":"publish","type":"product","link":"https:\/\/elwebben.se\/en\/product\/spanningsforsorjning-160-ma\/","title":{"rendered":"Sp\u00e4nningsf\u00f6rs\u00f6rjning &#8211; 160 mA"},"content":{"rendered":"<p>Sp\u00e4nningsf\u00f6rs\u00f6jning f\u00f6r KNX DIN<\/p>","protected":false},"excerpt":{"rendered":"<p>Sp\u00e4nningsf\u00f6rs\u00f6rjning 160mA KNX DIN<\/p>","protected":false},"featured_media":3562,"comment_status":"closed","ping_status":"closed","template":"","meta":[],"product_brand":[],"product_cat":[220],"product_tag":[],"class_list":{"0":"post-3543","1":"product","2":"type-product","3":"status-publish","4":"has-post-thumbnail","6":"product_cat-knx","7":"pa_spanning-160-ma","9":"first","10":"instock","11":"taxable","12":"shipping-taxable","13":"purchasable","14":"product-type-simple"},"_links":{"self":[{"href":"https:\/\/elwebben.se\/en\/wp-json\/wp\/v2\/product\/3543","targetHints":{"allow":["GET"]}}],"collection":[{"href":"https:\/\/elwebben.se\/en\/wp-json\/wp\/v2\/product"}],"about":[{"href":"https:\/\/elwebben.se\/en\/wp-json\/wp\/v2\/types\/product"}],"replies":[{"embeddable":true,"href":"https:\/\/elwebben.se\/en\/wp-json\/wp\/v2\/comments?post=3543"}],"version-history":[{"count":0,"href":"https:\/\/elwebben.se\/en\/wp-json\/wp\/v2\/product\/3543\/revisions"}],"wp:featuredmedia":[{"embeddable":true,"href":"https:\/\/elwebben.se\/en\/wp-json\/wp\/v2\/media\/3562"}],"wp:attachment":[{"href":"https:\/\/elwebben.se\/en\/wp-json\/wp\/v2\/media?parent=3543"}],"wp:term":[{"taxonomy":"product_brand","embeddable":true,"href":"https:\/\/elwebben.se\/en\/wp-json\/wp\/v2\/product_brand?post=3543"},{"taxonomy":"product_cat","embeddable":true,"href":"https:\/\/elwebben.se\/en\/wp-json\/wp\/v2\/product_cat?post=3543"},{"taxonomy":"product_tag","embeddable":true,"href":"https:\/\/elwebben.se\/en\/wp-json\/wp\/v2\/product_tag?post=3543"}],"curies":[{"name":"wp","href":"https:\/\/api.w.org\/{rel}","templated":true}]}}