{"id":3472,"date":"2023-09-06T07:57:10","date_gmt":"2023-09-06T07:57:10","guid":{"rendered":"https:\/\/elwebben.se\/?post_type=product_variation&#038;p=3472"},"modified":"2025-12-15T15:03:05","modified_gmt":"2025-12-15T15:03:05","slug":"tackplatta-antennuttag-cremevit","status":"publish","type":"product","link":"https:\/\/elwebben.se\/en\/product\/tackplatta-antennuttag-cremevit\/","title":{"rendered":"T\u00e4ckplatta antennuttag &#8211; Cremevit"},"content":{"rendered":"<p>T\u00e4ckplatta f\u00f6r antennuttag System 55<\/p>","protected":false},"excerpt":{"rendered":"<p>T\u00e4ckplatta f\u00f6r antenn System 55 cremevit<\/p>","protected":false},"featured_media":3485,"comment_status":"closed","ping_status":"closed","template":"","meta":[],"product_brand":[],"product_cat":[236],"product_tag":[],"class_list":{"0":"post-3472","1":"product","2":"type-product","3":"status-publish","4":"has-post-thumbnail","6":"product_cat-ovrigt","7":"pa_farg-cremevit","9":"first","10":"instock","11":"taxable","12":"shipping-taxable","13":"purchasable","14":"product-type-simple"},"_links":{"self":[{"href":"https:\/\/elwebben.se\/en\/wp-json\/wp\/v2\/product\/3472","targetHints":{"allow":["GET"]}}],"collection":[{"href":"https:\/\/elwebben.se\/en\/wp-json\/wp\/v2\/product"}],"about":[{"href":"https:\/\/elwebben.se\/en\/wp-json\/wp\/v2\/types\/product"}],"replies":[{"embeddable":true,"href":"https:\/\/elwebben.se\/en\/wp-json\/wp\/v2\/comments?post=3472"}],"version-history":[{"count":0,"href":"https:\/\/elwebben.se\/en\/wp-json\/wp\/v2\/product\/3472\/revisions"}],"wp:featuredmedia":[{"embeddable":true,"href":"https:\/\/elwebben.se\/en\/wp-json\/wp\/v2\/media\/3485"}],"wp:attachment":[{"href":"https:\/\/elwebben.se\/en\/wp-json\/wp\/v2\/media?parent=3472"}],"wp:term":[{"taxonomy":"product_brand","embeddable":true,"href":"https:\/\/elwebben.se\/en\/wp-json\/wp\/v2\/product_brand?post=3472"},{"taxonomy":"product_cat","embeddable":true,"href":"https:\/\/elwebben.se\/en\/wp-json\/wp\/v2\/product_cat?post=3472"},{"taxonomy":"product_tag","embeddable":true,"href":"https:\/\/elwebben.se\/en\/wp-json\/wp\/v2\/product_tag?post=3472"}],"curies":[{"name":"wp","href":"https:\/\/api.w.org\/{rel}","templated":true}]}}