{"id":3316,"date":"2023-08-24T11:54:38","date_gmt":"2023-08-24T11:54:38","guid":{"rendered":"https:\/\/elwebben.se\/?post_type=product_variation&#038;p=3316"},"modified":"2025-12-15T15:05:12","modified_gmt":"2025-12-15T15:05:12","slug":"rorelsevakt-front-1-10m-standard-for-system-3000-mattvit","status":"publish","type":"product","link":"https:\/\/elwebben.se\/en\/product\/rorelsevakt-front-1-10m-standard-for-system-3000-mattvit\/","title":{"rendered":"R\u00f6relsevakt front 1.10m standard f\u00f6r System 3000 &#8211; Mattvit"},"content":{"rendered":"<p>R\u00f6relsevakt front 1.10m standard f\u00f6r System 3000<\/p>","protected":false},"excerpt":{"rendered":"<p>R\u00f6relsevakt frontmodul 1.10m standard System 3000 mattvit<\/p>","protected":false},"featured_media":3379,"comment_status":"closed","ping_status":"closed","template":"","meta":[],"product_brand":[],"product_cat":[206],"product_tag":[],"class_list":{"0":"post-3316","1":"product","2":"type-product","3":"status-publish","4":"has-post-thumbnail","6":"product_cat-rorelsevakt","7":"pa_farg-mattvit","9":"first","10":"instock","11":"taxable","12":"shipping-taxable","13":"purchasable","14":"product-type-simple"},"_links":{"self":[{"href":"https:\/\/elwebben.se\/en\/wp-json\/wp\/v2\/product\/3316","targetHints":{"allow":["GET"]}}],"collection":[{"href":"https:\/\/elwebben.se\/en\/wp-json\/wp\/v2\/product"}],"about":[{"href":"https:\/\/elwebben.se\/en\/wp-json\/wp\/v2\/types\/product"}],"replies":[{"embeddable":true,"href":"https:\/\/elwebben.se\/en\/wp-json\/wp\/v2\/comments?post=3316"}],"version-history":[{"count":0,"href":"https:\/\/elwebben.se\/en\/wp-json\/wp\/v2\/product\/3316\/revisions"}],"wp:featuredmedia":[{"embeddable":true,"href":"https:\/\/elwebben.se\/en\/wp-json\/wp\/v2\/media\/3379"}],"wp:attachment":[{"href":"https:\/\/elwebben.se\/en\/wp-json\/wp\/v2\/media?parent=3316"}],"wp:term":[{"taxonomy":"product_brand","embeddable":true,"href":"https:\/\/elwebben.se\/en\/wp-json\/wp\/v2\/product_brand?post=3316"},{"taxonomy":"product_cat","embeddable":true,"href":"https:\/\/elwebben.se\/en\/wp-json\/wp\/v2\/product_cat?post=3316"},{"taxonomy":"product_tag","embeddable":true,"href":"https:\/\/elwebben.se\/en\/wp-json\/wp\/v2\/product_tag?post=3316"}],"curies":[{"name":"wp","href":"https:\/\/api.w.org\/{rel}","templated":true}]}}