{"id":3313,"date":"2023-08-24T11:54:38","date_gmt":"2023-08-24T11:54:38","guid":{"rendered":"https:\/\/elwebben.se\/?post_type=product_variation&#038;p=3313"},"modified":"2025-12-15T15:05:04","modified_gmt":"2025-12-15T15:05:04","slug":"rorelsevakt-front-2-20m-komfort-bt-for-system-3000-rostfri","status":"publish","type":"product","link":"https:\/\/elwebben.se\/en\/product\/rorelsevakt-front-2-20m-komfort-bt-for-system-3000-rostfri\/","title":{"rendered":"R\u00f6relsevakt front 2.20m komfort BT f\u00f6r System 3000 &#8211; Rostfri"},"content":{"rendered":"<p>R\u00f6relsevakt front 2.20m komfort BT f\u00f6r System 3000<\/p>","protected":false},"excerpt":{"rendered":"<p>R\u00f6relsevakt frontmodul 2,20m komfort BT System 3000 rostfri<\/p>","protected":false},"featured_media":3419,"comment_status":"closed","ping_status":"closed","template":"","meta":[],"product_brand":[],"product_cat":[206],"product_tag":[],"class_list":{"0":"post-3313","1":"product","2":"type-product","3":"status-publish","4":"has-post-thumbnail","6":"product_cat-rorelsevakt","7":"pa_farg-rostfri","9":"first","10":"instock","11":"taxable","12":"shipping-taxable","13":"purchasable","14":"product-type-simple"},"_links":{"self":[{"href":"https:\/\/elwebben.se\/en\/wp-json\/wp\/v2\/product\/3313","targetHints":{"allow":["GET"]}}],"collection":[{"href":"https:\/\/elwebben.se\/en\/wp-json\/wp\/v2\/product"}],"about":[{"href":"https:\/\/elwebben.se\/en\/wp-json\/wp\/v2\/types\/product"}],"replies":[{"embeddable":true,"href":"https:\/\/elwebben.se\/en\/wp-json\/wp\/v2\/comments?post=3313"}],"version-history":[{"count":0,"href":"https:\/\/elwebben.se\/en\/wp-json\/wp\/v2\/product\/3313\/revisions"}],"wp:featuredmedia":[{"embeddable":true,"href":"https:\/\/elwebben.se\/en\/wp-json\/wp\/v2\/media\/3419"}],"wp:attachment":[{"href":"https:\/\/elwebben.se\/en\/wp-json\/wp\/v2\/media?parent=3313"}],"wp:term":[{"taxonomy":"product_brand","embeddable":true,"href":"https:\/\/elwebben.se\/en\/wp-json\/wp\/v2\/product_brand?post=3313"},{"taxonomy":"product_cat","embeddable":true,"href":"https:\/\/elwebben.se\/en\/wp-json\/wp\/v2\/product_cat?post=3313"},{"taxonomy":"product_tag","embeddable":true,"href":"https:\/\/elwebben.se\/en\/wp-json\/wp\/v2\/product_tag?post=3313"}],"curies":[{"name":"wp","href":"https:\/\/api.w.org\/{rel}","templated":true}]}}