{"id":3302,"date":"2023-08-24T11:54:37","date_gmt":"2023-08-24T11:54:37","guid":{"rendered":"https:\/\/elwebben.se\/?post_type=product_variation&#038;p=3302"},"modified":"2025-12-15T15:04:56","modified_gmt":"2025-12-15T15:04:56","slug":"rorelsevakt-front-1-10m-komfort-bt-for-system-3000-antracit","status":"publish","type":"product","link":"https:\/\/elwebben.se\/en\/product\/rorelsevakt-front-1-10m-komfort-bt-for-system-3000-antracit\/","title":{"rendered":"R\u00f6relsevakt front 1.10m komfort BT f\u00f6r System 3000 &#8211; Antracit"},"content":{"rendered":"<p>R\u00f6relsevakt front 1.10m komfort BT f\u00f6r System 3000<\/p>","protected":false},"excerpt":{"rendered":"<p>R\u00f6relsevakt frontmodul 1.10m komfort BT System 3000 antracit<\/p>","protected":false},"featured_media":3385,"comment_status":"closed","ping_status":"closed","template":"","meta":[],"product_brand":[],"product_cat":[206],"product_tag":[],"class_list":{"0":"post-3302","1":"product","2":"type-product","3":"status-publish","4":"has-post-thumbnail","6":"product_cat-rorelsevakt","7":"pa_farg-antracit","9":"first","10":"instock","11":"taxable","12":"shipping-taxable","13":"purchasable","14":"product-type-simple"},"_links":{"self":[{"href":"https:\/\/elwebben.se\/en\/wp-json\/wp\/v2\/product\/3302","targetHints":{"allow":["GET"]}}],"collection":[{"href":"https:\/\/elwebben.se\/en\/wp-json\/wp\/v2\/product"}],"about":[{"href":"https:\/\/elwebben.se\/en\/wp-json\/wp\/v2\/types\/product"}],"replies":[{"embeddable":true,"href":"https:\/\/elwebben.se\/en\/wp-json\/wp\/v2\/comments?post=3302"}],"version-history":[{"count":0,"href":"https:\/\/elwebben.se\/en\/wp-json\/wp\/v2\/product\/3302\/revisions"}],"wp:featuredmedia":[{"embeddable":true,"href":"https:\/\/elwebben.se\/en\/wp-json\/wp\/v2\/media\/3385"}],"wp:attachment":[{"href":"https:\/\/elwebben.se\/en\/wp-json\/wp\/v2\/media?parent=3302"}],"wp:term":[{"taxonomy":"product_brand","embeddable":true,"href":"https:\/\/elwebben.se\/en\/wp-json\/wp\/v2\/product_brand?post=3302"},{"taxonomy":"product_cat","embeddable":true,"href":"https:\/\/elwebben.se\/en\/wp-json\/wp\/v2\/product_cat?post=3302"},{"taxonomy":"product_tag","embeddable":true,"href":"https:\/\/elwebben.se\/en\/wp-json\/wp\/v2\/product_tag?post=3302"}],"curies":[{"name":"wp","href":"https:\/\/api.w.org\/{rel}","templated":true}]}}