{"id":3287,"date":"2023-08-24T11:54:34","date_gmt":"2023-08-24T11:54:34","guid":{"rendered":"https:\/\/elwebben.se\/?post_type=product_variation&#038;p=3287"},"modified":"2025-12-15T15:04:41","modified_gmt":"2025-12-15T15:04:41","slug":"rorelsevakt-front-2-20m-komfort-for-knx-mattsvart","status":"publish","type":"product","link":"https:\/\/elwebben.se\/en\/product\/rorelsevakt-front-2-20m-komfort-for-knx-mattsvart\/","title":{"rendered":"R\u00f6relsevakt front 2.20m komfort f\u00f6r KNX &#8211; Mattsvart"},"content":{"rendered":"<p>R\u00f6relsevakt front 2.20m komfort f\u00f6r KNX<\/p>","protected":false},"excerpt":{"rendered":"<p>R\u00f6relsevakt fronmodul 2.20m komfort KNX mattsvart<\/p>","protected":false},"featured_media":3405,"comment_status":"closed","ping_status":"closed","template":"","meta":[],"product_brand":[],"product_cat":[206],"product_tag":[],"class_list":{"0":"post-3287","1":"product","2":"type-product","3":"status-publish","4":"has-post-thumbnail","6":"product_cat-rorelsevakt","7":"pa_farg-mattsvart","9":"first","10":"instock","11":"taxable","12":"shipping-taxable","13":"purchasable","14":"product-type-simple"},"_links":{"self":[{"href":"https:\/\/elwebben.se\/en\/wp-json\/wp\/v2\/product\/3287","targetHints":{"allow":["GET"]}}],"collection":[{"href":"https:\/\/elwebben.se\/en\/wp-json\/wp\/v2\/product"}],"about":[{"href":"https:\/\/elwebben.se\/en\/wp-json\/wp\/v2\/types\/product"}],"replies":[{"embeddable":true,"href":"https:\/\/elwebben.se\/en\/wp-json\/wp\/v2\/comments?post=3287"}],"version-history":[{"count":0,"href":"https:\/\/elwebben.se\/en\/wp-json\/wp\/v2\/product\/3287\/revisions"}],"wp:featuredmedia":[{"embeddable":true,"href":"https:\/\/elwebben.se\/en\/wp-json\/wp\/v2\/media\/3405"}],"wp:attachment":[{"href":"https:\/\/elwebben.se\/en\/wp-json\/wp\/v2\/media?parent=3287"}],"wp:term":[{"taxonomy":"product_brand","embeddable":true,"href":"https:\/\/elwebben.se\/en\/wp-json\/wp\/v2\/product_brand?post=3287"},{"taxonomy":"product_cat","embeddable":true,"href":"https:\/\/elwebben.se\/en\/wp-json\/wp\/v2\/product_cat?post=3287"},{"taxonomy":"product_tag","embeddable":true,"href":"https:\/\/elwebben.se\/en\/wp-json\/wp\/v2\/product_tag?post=3287"}],"curies":[{"name":"wp","href":"https:\/\/api.w.org\/{rel}","templated":true}]}}