{"id":3273,"date":"2023-08-24T11:54:33","date_gmt":"2023-08-24T11:54:33","guid":{"rendered":"https:\/\/elwebben.se\/?post_type=product_variation&#038;p=3273"},"modified":"2025-12-15T15:04:25","modified_gmt":"2025-12-15T15:04:25","slug":"rorelsevakt-front-1-10m-standard-for-knx-rostfri","status":"publish","type":"product","link":"https:\/\/elwebben.se\/en\/product\/rorelsevakt-front-1-10m-standard-for-knx-rostfri\/","title":{"rendered":"R\u00f6relsevakt front 1.10m standard f\u00f6r KNX &#8211; Rostfri"},"content":{"rendered":"<p>R\u00f6relsevakt front 1.10m standard f\u00f6r KNX<\/p>","protected":false},"excerpt":{"rendered":"<p>R\u00f6relsevakt frontmodul 1.10m standard KNX rostfri<\/p>","protected":false},"featured_media":3398,"comment_status":"closed","ping_status":"closed","template":"","meta":[],"product_brand":[],"product_cat":[206],"product_tag":[],"class_list":{"0":"post-3273","1":"product","2":"type-product","3":"status-publish","4":"has-post-thumbnail","6":"product_cat-rorelsevakt","7":"pa_farg-rostfri","9":"first","10":"instock","11":"taxable","12":"shipping-taxable","13":"purchasable","14":"product-type-simple"},"_links":{"self":[{"href":"https:\/\/elwebben.se\/en\/wp-json\/wp\/v2\/product\/3273","targetHints":{"allow":["GET"]}}],"collection":[{"href":"https:\/\/elwebben.se\/en\/wp-json\/wp\/v2\/product"}],"about":[{"href":"https:\/\/elwebben.se\/en\/wp-json\/wp\/v2\/types\/product"}],"replies":[{"embeddable":true,"href":"https:\/\/elwebben.se\/en\/wp-json\/wp\/v2\/comments?post=3273"}],"version-history":[{"count":0,"href":"https:\/\/elwebben.se\/en\/wp-json\/wp\/v2\/product\/3273\/revisions"}],"wp:featuredmedia":[{"embeddable":true,"href":"https:\/\/elwebben.se\/en\/wp-json\/wp\/v2\/media\/3398"}],"wp:attachment":[{"href":"https:\/\/elwebben.se\/en\/wp-json\/wp\/v2\/media?parent=3273"}],"wp:term":[{"taxonomy":"product_brand","embeddable":true,"href":"https:\/\/elwebben.se\/en\/wp-json\/wp\/v2\/product_brand?post=3273"},{"taxonomy":"product_cat","embeddable":true,"href":"https:\/\/elwebben.se\/en\/wp-json\/wp\/v2\/product_cat?post=3273"},{"taxonomy":"product_tag","embeddable":true,"href":"https:\/\/elwebben.se\/en\/wp-json\/wp\/v2\/product_tag?post=3273"}],"curies":[{"name":"wp","href":"https:\/\/api.w.org\/{rel}","templated":true}]}}