{"id":3119,"date":"2023-08-22T12:46:10","date_gmt":"2023-08-22T12:46:10","guid":{"rendered":"https:\/\/elwebben.se\/produkt\/relamodul\/"},"modified":"2025-12-16T11:53:42","modified_gmt":"2025-12-16T11:53:42","slug":"relamodul","status":"publish","type":"product","link":"https:\/\/elwebben.se\/en\/product\/relamodul\/","title":{"rendered":"Rel\u00e4modul"},"content":{"rendered":"<p>Rel\u00e4modul f\u00f6r brandvaranare<\/p>","protected":false},"excerpt":{"rendered":"<p>Rel\u00e4modul f\u00f6r brandvarnare<\/p>","protected":false},"featured_media":3122,"comment_status":"open","ping_status":"closed","template":"","meta":[],"product_brand":[],"product_cat":[203],"product_tag":[],"class_list":{"0":"post-3119","1":"product","2":"type-product","3":"status-publish","4":"has-post-thumbnail","6":"product_cat-brandvarnare","8":"first","9":"instock","10":"taxable","11":"shipping-taxable","12":"purchasable","13":"product-type-simple"},"_links":{"self":[{"href":"https:\/\/elwebben.se\/en\/wp-json\/wp\/v2\/product\/3119","targetHints":{"allow":["GET"]}}],"collection":[{"href":"https:\/\/elwebben.se\/en\/wp-json\/wp\/v2\/product"}],"about":[{"href":"https:\/\/elwebben.se\/en\/wp-json\/wp\/v2\/types\/product"}],"replies":[{"embeddable":true,"href":"https:\/\/elwebben.se\/en\/wp-json\/wp\/v2\/comments?post=3119"}],"version-history":[{"count":0,"href":"https:\/\/elwebben.se\/en\/wp-json\/wp\/v2\/product\/3119\/revisions"}],"wp:featuredmedia":[{"embeddable":true,"href":"https:\/\/elwebben.se\/en\/wp-json\/wp\/v2\/media\/3122"}],"wp:attachment":[{"href":"https:\/\/elwebben.se\/en\/wp-json\/wp\/v2\/media?parent=3119"}],"wp:term":[{"taxonomy":"product_brand","embeddable":true,"href":"https:\/\/elwebben.se\/en\/wp-json\/wp\/v2\/product_brand?post=3119"},{"taxonomy":"product_cat","embeddable":true,"href":"https:\/\/elwebben.se\/en\/wp-json\/wp\/v2\/product_cat?post=3119"},{"taxonomy":"product_tag","embeddable":true,"href":"https:\/\/elwebben.se\/en\/wp-json\/wp\/v2\/product_tag?post=3119"}],"curies":[{"name":"wp","href":"https:\/\/api.w.org\/{rel}","templated":true}]}}