{"id":3071,"date":"2023-06-08T13:58:49","date_gmt":"2023-06-08T13:58:49","guid":{"rendered":"https:\/\/elwebben.se\/?post_type=product_variation&#038;p=3071"},"modified":"2025-12-15T15:00:11","modified_gmt":"2025-12-15T15:00:11","slug":"lexcom-tackplatta-1-vags-antracit","status":"publish","type":"product","link":"https:\/\/elwebben.se\/en\/product\/lexcom-tackplatta-1-vags-antracit\/","title":{"rendered":"LexCom t\u00e4ckplatta 1-v\u00e4gs &#8211; Antracit"},"content":{"rendered":"<p>LexCom t\u00e4ckplatta 1-v\u00e4gs<\/p>","protected":false},"excerpt":{"rendered":"<p>T\u00e4ckplatta LexCom 1-v\u00e4gs antracit<\/p>","protected":false},"featured_media":3110,"comment_status":"closed","ping_status":"closed","template":"","meta":[],"product_brand":[],"product_cat":[201],"product_tag":[],"class_list":{"0":"post-3071","1":"product","2":"type-product","3":"status-publish","4":"has-post-thumbnail","6":"product_cat-data","7":"pa_farg-antracit","9":"first","10":"instock","11":"taxable","12":"shipping-taxable","13":"purchasable","14":"product-type-simple"},"_links":{"self":[{"href":"https:\/\/elwebben.se\/en\/wp-json\/wp\/v2\/product\/3071","targetHints":{"allow":["GET"]}}],"collection":[{"href":"https:\/\/elwebben.se\/en\/wp-json\/wp\/v2\/product"}],"about":[{"href":"https:\/\/elwebben.se\/en\/wp-json\/wp\/v2\/types\/product"}],"replies":[{"embeddable":true,"href":"https:\/\/elwebben.se\/en\/wp-json\/wp\/v2\/comments?post=3071"}],"version-history":[{"count":0,"href":"https:\/\/elwebben.se\/en\/wp-json\/wp\/v2\/product\/3071\/revisions"}],"wp:featuredmedia":[{"embeddable":true,"href":"https:\/\/elwebben.se\/en\/wp-json\/wp\/v2\/media\/3110"}],"wp:attachment":[{"href":"https:\/\/elwebben.se\/en\/wp-json\/wp\/v2\/media?parent=3071"}],"wp:term":[{"taxonomy":"product_brand","embeddable":true,"href":"https:\/\/elwebben.se\/en\/wp-json\/wp\/v2\/product_brand?post=3071"},{"taxonomy":"product_cat","embeddable":true,"href":"https:\/\/elwebben.se\/en\/wp-json\/wp\/v2\/product_cat?post=3071"},{"taxonomy":"product_tag","embeddable":true,"href":"https:\/\/elwebben.se\/en\/wp-json\/wp\/v2\/product_tag?post=3071"}],"curies":[{"name":"wp","href":"https:\/\/api.w.org\/{rel}","templated":true}]}}