{"id":3042,"date":"2023-06-08T13:19:21","date_gmt":"2023-06-08T13:19:21","guid":{"rendered":"https:\/\/elwebben.se\/?post_type=product_variation&#038;p=3042"},"modified":"2025-12-15T14:11:48","modified_gmt":"2025-12-15T14:11:48","slug":"3x1-polig-brytare-aterfjadrande-mattsvart","status":"publish","type":"product","link":"https:\/\/elwebben.se\/en\/product\/3x1-polig-brytare-aterfjadrande-mattsvart\/","title":{"rendered":"3&#215;1 polig brytare \u00e5terfj\u00e4drande &#8211; Mattsvart"},"content":{"rendered":"<p>3&#215;1 polig trappbrytare \u00e5terfj\u00e4drande<\/p>","protected":false},"excerpt":{"rendered":"<p>3&#215;1 polig \u00e5terfj\u00e4drande (tryckknapp) mattsvart<\/p>","protected":false},"featured_media":3057,"comment_status":"closed","ping_status":"closed","template":"","meta":[],"product_brand":[],"product_cat":[53],"product_tag":[],"class_list":{"0":"post-3042","1":"product","2":"type-product","3":"status-publish","4":"has-post-thumbnail","6":"product_cat-strombrytare","7":"pa_farg-mattsvart","9":"first","10":"instock","11":"taxable","12":"shipping-taxable","13":"purchasable","14":"product-type-simple"},"_links":{"self":[{"href":"https:\/\/elwebben.se\/en\/wp-json\/wp\/v2\/product\/3042","targetHints":{"allow":["GET"]}}],"collection":[{"href":"https:\/\/elwebben.se\/en\/wp-json\/wp\/v2\/product"}],"about":[{"href":"https:\/\/elwebben.se\/en\/wp-json\/wp\/v2\/types\/product"}],"replies":[{"embeddable":true,"href":"https:\/\/elwebben.se\/en\/wp-json\/wp\/v2\/comments?post=3042"}],"version-history":[{"count":0,"href":"https:\/\/elwebben.se\/en\/wp-json\/wp\/v2\/product\/3042\/revisions"}],"wp:featuredmedia":[{"embeddable":true,"href":"https:\/\/elwebben.se\/en\/wp-json\/wp\/v2\/media\/3057"}],"wp:attachment":[{"href":"https:\/\/elwebben.se\/en\/wp-json\/wp\/v2\/media?parent=3042"}],"wp:term":[{"taxonomy":"product_brand","embeddable":true,"href":"https:\/\/elwebben.se\/en\/wp-json\/wp\/v2\/product_brand?post=3042"},{"taxonomy":"product_cat","embeddable":true,"href":"https:\/\/elwebben.se\/en\/wp-json\/wp\/v2\/product_cat?post=3042"},{"taxonomy":"product_tag","embeddable":true,"href":"https:\/\/elwebben.se\/en\/wp-json\/wp\/v2\/product_tag?post=3042"}],"curies":[{"name":"wp","href":"https:\/\/api.w.org\/{rel}","templated":true}]}}