{"id":2990,"date":"2023-05-29T09:19:00","date_gmt":"2023-05-29T09:19:00","guid":{"rendered":"https:\/\/elwebben.se\/produkt\/1-vagsuttag-med-lock-infallt-f100\/"},"modified":"2025-12-15T14:58:30","modified_gmt":"2025-12-15T14:58:30","slug":"1-vagsuttag-med-lock-infallt-f100","status":"publish","type":"product","link":"https:\/\/elwebben.se\/en\/product\/1-vagsuttag-med-lock-infallt-f100\/","title":{"rendered":"1-v\u00e4gsuttag med lock inf\u00e4llt F100"},"content":{"rendered":"<p>1-v\u00e4gsuttag med lock inf\u00e4llt F100<\/p>","protected":false},"excerpt":{"rendered":"<p>1-v\u00e4gsuttag med lock inf\u00e4llt F100<\/p>","protected":false},"featured_media":2412,"comment_status":"open","ping_status":"closed","template":"","meta":[],"product_brand":[],"product_cat":[54],"product_tag":[195],"class_list":{"0":"post-2990","1":"product","2":"type-product","3":"status-publish","4":"has-post-thumbnail","6":"product_cat-vagguttag","7":"product_tag-f100","9":"first","10":"instock","11":"taxable","12":"shipping-taxable","13":"purchasable","14":"product-type-simple"},"_links":{"self":[{"href":"https:\/\/elwebben.se\/en\/wp-json\/wp\/v2\/product\/2990","targetHints":{"allow":["GET"]}}],"collection":[{"href":"https:\/\/elwebben.se\/en\/wp-json\/wp\/v2\/product"}],"about":[{"href":"https:\/\/elwebben.se\/en\/wp-json\/wp\/v2\/types\/product"}],"replies":[{"embeddable":true,"href":"https:\/\/elwebben.se\/en\/wp-json\/wp\/v2\/comments?post=2990"}],"version-history":[{"count":0,"href":"https:\/\/elwebben.se\/en\/wp-json\/wp\/v2\/product\/2990\/revisions"}],"wp:featuredmedia":[{"embeddable":true,"href":"https:\/\/elwebben.se\/en\/wp-json\/wp\/v2\/media\/2412"}],"wp:attachment":[{"href":"https:\/\/elwebben.se\/en\/wp-json\/wp\/v2\/media?parent=2990"}],"wp:term":[{"taxonomy":"product_brand","embeddable":true,"href":"https:\/\/elwebben.se\/en\/wp-json\/wp\/v2\/product_brand?post=2990"},{"taxonomy":"product_cat","embeddable":true,"href":"https:\/\/elwebben.se\/en\/wp-json\/wp\/v2\/product_cat?post=2990"},{"taxonomy":"product_tag","embeddable":true,"href":"https:\/\/elwebben.se\/en\/wp-json\/wp\/v2\/product_tag?post=2990"}],"curies":[{"name":"wp","href":"https:\/\/api.w.org\/{rel}","templated":true}]}}