{"id":2809,"date":"2023-05-22T07:57:44","date_gmt":"2023-05-22T07:57:44","guid":{"rendered":"https:\/\/elwebben.se\/?post_type=product_variation&#038;p=2809"},"modified":"2025-12-15T15:06:46","modified_gmt":"2025-12-15T15:06:46","slug":"tackplatta-for-termostatinsats-antracit","status":"publish","type":"product","link":"https:\/\/elwebben.se\/en\/product\/tackplatta-for-termostatinsats-antracit\/","title":{"rendered":"T\u00e4ckplatta f\u00f6r termostatinsats &#8211; Antracit"},"content":{"rendered":"<p>T\u00e4ckplatta f\u00f6r termostatinsats 247300 &amp; 247400<\/p>","protected":false},"excerpt":{"rendered":"<p>T\u00e4ckplatta termostat System 55 antracit<\/p>","protected":false},"featured_media":2834,"comment_status":"closed","ping_status":"closed","template":"","meta":[],"product_brand":[],"product_cat":[192],"product_tag":[],"class_list":{"0":"post-2809","1":"product","2":"type-product","3":"status-publish","4":"has-post-thumbnail","6":"product_cat-termostat","7":"pa_farg-antracit","9":"first","10":"instock","11":"taxable","12":"shipping-taxable","13":"purchasable","14":"product-type-simple"},"_links":{"self":[{"href":"https:\/\/elwebben.se\/en\/wp-json\/wp\/v2\/product\/2809","targetHints":{"allow":["GET"]}}],"collection":[{"href":"https:\/\/elwebben.se\/en\/wp-json\/wp\/v2\/product"}],"about":[{"href":"https:\/\/elwebben.se\/en\/wp-json\/wp\/v2\/types\/product"}],"replies":[{"embeddable":true,"href":"https:\/\/elwebben.se\/en\/wp-json\/wp\/v2\/comments?post=2809"}],"version-history":[{"count":0,"href":"https:\/\/elwebben.se\/en\/wp-json\/wp\/v2\/product\/2809\/revisions"}],"wp:featuredmedia":[{"embeddable":true,"href":"https:\/\/elwebben.se\/en\/wp-json\/wp\/v2\/media\/2834"}],"wp:attachment":[{"href":"https:\/\/elwebben.se\/en\/wp-json\/wp\/v2\/media?parent=2809"}],"wp:term":[{"taxonomy":"product_brand","embeddable":true,"href":"https:\/\/elwebben.se\/en\/wp-json\/wp\/v2\/product_brand?post=2809"},{"taxonomy":"product_cat","embeddable":true,"href":"https:\/\/elwebben.se\/en\/wp-json\/wp\/v2\/product_cat?post=2809"},{"taxonomy":"product_tag","embeddable":true,"href":"https:\/\/elwebben.se\/en\/wp-json\/wp\/v2\/product_tag?post=2809"}],"curies":[{"name":"wp","href":"https:\/\/api.w.org\/{rel}","templated":true}]}}