{"id":2370,"date":"2023-05-11T13:21:43","date_gmt":"2023-05-11T13:21:43","guid":{"rendered":"https:\/\/elwebben.se\/?post_type=product_variation&#038;p=2370"},"modified":"2025-12-15T14:57:57","modified_gmt":"2025-12-15T14:57:57","slug":"1-vagsuttag-med-lock-cremevit","status":"publish","type":"product","link":"https:\/\/elwebben.se\/en\/product\/1-vagsuttag-med-lock-cremevit\/","title":{"rendered":"1-v\u00e4gsuttag med lock &#8211; Cremevit"},"content":{"rendered":"<p>1-v\u00e4gsuttag med lock System 55 inf\u00e4llda<\/p>","protected":false},"excerpt":{"rendered":"<p>1-v\u00e4gsuttag med lock inf\u00e4llt System 55 cremevit<\/p>","protected":false},"featured_media":2434,"comment_status":"closed","ping_status":"closed","template":"","meta":[],"product_brand":[],"product_cat":[54],"product_tag":[],"class_list":{"0":"post-2370","1":"product","2":"type-product","3":"status-publish","4":"has-post-thumbnail","6":"product_cat-vagguttag","7":"pa_farg-cremevit","9":"first","10":"instock","11":"taxable","12":"shipping-taxable","13":"purchasable","14":"product-type-simple"},"_links":{"self":[{"href":"https:\/\/elwebben.se\/en\/wp-json\/wp\/v2\/product\/2370","targetHints":{"allow":["GET"]}}],"collection":[{"href":"https:\/\/elwebben.se\/en\/wp-json\/wp\/v2\/product"}],"about":[{"href":"https:\/\/elwebben.se\/en\/wp-json\/wp\/v2\/types\/product"}],"replies":[{"embeddable":true,"href":"https:\/\/elwebben.se\/en\/wp-json\/wp\/v2\/comments?post=2370"}],"version-history":[{"count":0,"href":"https:\/\/elwebben.se\/en\/wp-json\/wp\/v2\/product\/2370\/revisions"}],"wp:featuredmedia":[{"embeddable":true,"href":"https:\/\/elwebben.se\/en\/wp-json\/wp\/v2\/media\/2434"}],"wp:attachment":[{"href":"https:\/\/elwebben.se\/en\/wp-json\/wp\/v2\/media?parent=2370"}],"wp:term":[{"taxonomy":"product_brand","embeddable":true,"href":"https:\/\/elwebben.se\/en\/wp-json\/wp\/v2\/product_brand?post=2370"},{"taxonomy":"product_cat","embeddable":true,"href":"https:\/\/elwebben.se\/en\/wp-json\/wp\/v2\/product_cat?post=2370"},{"taxonomy":"product_tag","embeddable":true,"href":"https:\/\/elwebben.se\/en\/wp-json\/wp\/v2\/product_tag?post=2370"}],"curies":[{"name":"wp","href":"https:\/\/api.w.org\/{rel}","templated":true}]}}