{"id":2362,"date":"2023-05-11T13:21:42","date_gmt":"2023-05-11T13:21:42","guid":{"rendered":"https:\/\/elwebben.se\/?post_type=product_variation&#038;p=2362"},"modified":"2025-12-15T14:57:49","modified_gmt":"2025-12-15T14:57:49","slug":"1-vagsuttag-blankvit","status":"publish","type":"product","link":"https:\/\/elwebben.se\/en\/product\/1-vagsuttag-blankvit\/","title":{"rendered":"1-v\u00e4gsuttag &#8211; Blankvit"},"content":{"rendered":"<p>1-v\u00e4gsuttag System 55 inf\u00e4llda<\/p>","protected":false},"excerpt":{"rendered":"<p>1-v\u00e4gsuttag inf\u00e4llt System 55 blankvit<\/p>","protected":false},"featured_media":2420,"comment_status":"closed","ping_status":"closed","template":"","meta":[],"product_brand":[],"product_cat":[54],"product_tag":[],"class_list":{"0":"post-2362","1":"product","2":"type-product","3":"status-publish","4":"has-post-thumbnail","6":"product_cat-vagguttag","7":"pa_farg-blankvit","9":"first","10":"instock","11":"taxable","12":"shipping-taxable","13":"purchasable","14":"product-type-simple"},"_links":{"self":[{"href":"https:\/\/elwebben.se\/en\/wp-json\/wp\/v2\/product\/2362","targetHints":{"allow":["GET"]}}],"collection":[{"href":"https:\/\/elwebben.se\/en\/wp-json\/wp\/v2\/product"}],"about":[{"href":"https:\/\/elwebben.se\/en\/wp-json\/wp\/v2\/types\/product"}],"replies":[{"embeddable":true,"href":"https:\/\/elwebben.se\/en\/wp-json\/wp\/v2\/comments?post=2362"}],"version-history":[{"count":0,"href":"https:\/\/elwebben.se\/en\/wp-json\/wp\/v2\/product\/2362\/revisions"}],"wp:featuredmedia":[{"embeddable":true,"href":"https:\/\/elwebben.se\/en\/wp-json\/wp\/v2\/media\/2420"}],"wp:attachment":[{"href":"https:\/\/elwebben.se\/en\/wp-json\/wp\/v2\/media?parent=2362"}],"wp:term":[{"taxonomy":"product_brand","embeddable":true,"href":"https:\/\/elwebben.se\/en\/wp-json\/wp\/v2\/product_brand?post=2362"},{"taxonomy":"product_cat","embeddable":true,"href":"https:\/\/elwebben.se\/en\/wp-json\/wp\/v2\/product_cat?post=2362"},{"taxonomy":"product_tag","embeddable":true,"href":"https:\/\/elwebben.se\/en\/wp-json\/wp\/v2\/product_tag?post=2362"}],"curies":[{"name":"wp","href":"https:\/\/api.w.org\/{rel}","templated":true}]}}