{"id":1784,"date":"2023-04-18T11:13:31","date_gmt":"2023-04-18T11:13:31","guid":{"rendered":"https:\/\/elwebben.se\/?post_type=product_variation&#038;p=1784"},"modified":"2026-02-03T13:07:44","modified_gmt":"2026-02-03T13:07:44","slug":"e2-ramar-1-rostfri","status":"publish","type":"product","link":"https:\/\/elwebben.se\/en\/product\/e2-ramar-1-rostfri\/","title":{"rendered":"E2 ram &#8211; 1-fack, Rostfri"},"content":{"rendered":"<p data-start=\"192\" data-end=\"413\">E2-ram i rostfritt st\u00e5l f\u00f6r rund dosa \u00e4r en stilren och funktionell ram som passar System 55-insatser. Ramen \u00e4r avsedd f\u00f6r montering i rund apparatdosa och finns i utf\u00f6randen med 1-, 2-, 3-, 4- och 5-fack.<\/p>\n<p data-start=\"415\" data-end=\"601\">Ramen kan kombineras med str\u00f6mbrytare, vippor, v\u00e4gguttag och andra insatser inom System 55-serien f\u00f6r ett enhetligt och modernt utseende i hem, kontor och offentliga milj\u00f6er.<\/p>\n<p>&nbsp;<\/p>","protected":false},"excerpt":{"rendered":"<p>E2 ram 1-fack rostfri<\/p>","protected":false},"featured_media":1828,"comment_status":"closed","ping_status":"closed","template":"","meta":[],"product_brand":[],"product_cat":[112],"product_tag":[205],"class_list":{"0":"post-1784","1":"product","2":"type-product","3":"status-publish","4":"has-post-thumbnail","6":"product_cat-ramar","7":"product_tag-e2","8":"pa_fack-76","9":"pa_farg-rostfri","11":"first","12":"instock","13":"taxable","14":"shipping-taxable","15":"purchasable","16":"product-type-simple"},"_links":{"self":[{"href":"https:\/\/elwebben.se\/en\/wp-json\/wp\/v2\/product\/1784","targetHints":{"allow":["GET"]}}],"collection":[{"href":"https:\/\/elwebben.se\/en\/wp-json\/wp\/v2\/product"}],"about":[{"href":"https:\/\/elwebben.se\/en\/wp-json\/wp\/v2\/types\/product"}],"replies":[{"embeddable":true,"href":"https:\/\/elwebben.se\/en\/wp-json\/wp\/v2\/comments?post=1784"}],"version-history":[{"count":3,"href":"https:\/\/elwebben.se\/en\/wp-json\/wp\/v2\/product\/1784\/revisions"}],"predecessor-version":[{"id":6745,"href":"https:\/\/elwebben.se\/en\/wp-json\/wp\/v2\/product\/1784\/revisions\/6745"}],"wp:featuredmedia":[{"embeddable":true,"href":"https:\/\/elwebben.se\/en\/wp-json\/wp\/v2\/media\/1828"}],"wp:attachment":[{"href":"https:\/\/elwebben.se\/en\/wp-json\/wp\/v2\/media?parent=1784"}],"wp:term":[{"taxonomy":"product_brand","embeddable":true,"href":"https:\/\/elwebben.se\/en\/wp-json\/wp\/v2\/product_brand?post=1784"},{"taxonomy":"product_cat","embeddable":true,"href":"https:\/\/elwebben.se\/en\/wp-json\/wp\/v2\/product_cat?post=1784"},{"taxonomy":"product_tag","embeddable":true,"href":"https:\/\/elwebben.se\/en\/wp-json\/wp\/v2\/product_tag?post=1784"}],"curies":[{"name":"wp","href":"https:\/\/api.w.org\/{rel}","templated":true}]}}