{"id":1664,"date":"2023-04-18T08:32:50","date_gmt":"2023-04-18T08:32:50","guid":{"rendered":"https:\/\/elwebben.se\/?post_type=product_variation&#038;p=1664"},"modified":"2026-02-03T13:16:26","modified_gmt":"2026-02-03T13:16:26","slug":"e2-ramar-flat-blankvit-1","status":"publish","type":"product","link":"https:\/\/elwebben.se\/en\/product\/e2-ramar-flat-blankvit-1\/","title":{"rendered":"E2 ram flat &#8211; Blankvit, 1-fack"},"content":{"rendered":"<p data-start=\"204\" data-end=\"477\">E2-ram f\u00f6r fyrkantsdosa i blankvit fr\u00e5n Gira \u00e4r en stilren och funktionell ram som passar System 55-insatser. Ramen \u00e4r avsedd f\u00f6r montering i fyrkantig apparatdosa och finns i utf\u00f6randen med 1-, 2-, 3- och 4-fack.<\/p>\n<p data-start=\"479\" data-end=\"670\">Ramen kan kombineras med str\u00f6mbrytare, vippor, v\u00e4gguttag och andra insatser inom System 55-serien f\u00f6r ett enhetligt och modernt utseende i hem, kontor och offentliga milj\u00f6er.<\/p>","protected":false},"excerpt":{"rendered":"<p>E2 flat 1-fack ram helinf\u00e4lld Blankvit<\/p>","protected":false},"featured_media":5762,"comment_status":"closed","ping_status":"closed","template":"","meta":[],"product_brand":[],"product_cat":[112],"product_tag":[205],"class_list":{"0":"post-1664","1":"product","2":"type-product","3":"status-publish","4":"has-post-thumbnail","6":"product_cat-ramar","7":"product_tag-e2","8":"pa_fack-76","9":"pa_farg-blankvit","11":"first","12":"instock","13":"taxable","14":"shipping-taxable","15":"purchasable","16":"product-type-simple"},"_links":{"self":[{"href":"https:\/\/elwebben.se\/en\/wp-json\/wp\/v2\/product\/1664","targetHints":{"allow":["GET"]}}],"collection":[{"href":"https:\/\/elwebben.se\/en\/wp-json\/wp\/v2\/product"}],"about":[{"href":"https:\/\/elwebben.se\/en\/wp-json\/wp\/v2\/types\/product"}],"replies":[{"embeddable":true,"href":"https:\/\/elwebben.se\/en\/wp-json\/wp\/v2\/comments?post=1664"}],"version-history":[{"count":1,"href":"https:\/\/elwebben.se\/en\/wp-json\/wp\/v2\/product\/1664\/revisions"}],"predecessor-version":[{"id":6764,"href":"https:\/\/elwebben.se\/en\/wp-json\/wp\/v2\/product\/1664\/revisions\/6764"}],"wp:featuredmedia":[{"embeddable":true,"href":"https:\/\/elwebben.se\/en\/wp-json\/wp\/v2\/media\/5762"}],"wp:attachment":[{"href":"https:\/\/elwebben.se\/en\/wp-json\/wp\/v2\/media?parent=1664"}],"wp:term":[{"taxonomy":"product_brand","embeddable":true,"href":"https:\/\/elwebben.se\/en\/wp-json\/wp\/v2\/product_brand?post=1664"},{"taxonomy":"product_cat","embeddable":true,"href":"https:\/\/elwebben.se\/en\/wp-json\/wp\/v2\/product_cat?post=1664"},{"taxonomy":"product_tag","embeddable":true,"href":"https:\/\/elwebben.se\/en\/wp-json\/wp\/v2\/product_tag?post=1664"}],"curies":[{"name":"wp","href":"https:\/\/api.w.org\/{rel}","templated":true}]}}