{"id":965,"date":"2022-04-05T08:08:05","date_gmt":"2022-04-05T08:08:05","guid":{"rendered":"https:\/\/elwebben.se\/?page_id=965"},"modified":"2025-11-12T11:34:48","modified_gmt":"2025-11-12T11:34:48","slug":"integritetspolicy","status":"publish","type":"page","link":"https:\/\/elwebben.se\/en\/integritetspolicy\/","title":{"rendered":"Integritetspolicy"},"content":{"rendered":"<div data-elementor-type=\"wp-page\" data-elementor-id=\"965\" class=\"elementor elementor-965\" data-elementor-post-type=\"page\">\n\t\t\t\t<div class=\"elementor-element elementor-element-02e8812 e-flex e-con-boxed e-con e-parent\" data-id=\"02e8812\" data-element_type=\"container\" data-e-type=\"container\">\n\t\t\t\t\t<div class=\"e-con-inner\">\n\t\t\t\t<div class=\"elementor-element elementor-element-9514d53 elementor-widget elementor-widget-text-editor\" data-id=\"9514d53\" data-element_type=\"widget\" data-e-type=\"widget\" data-widget_type=\"text-editor.default\">\n\t\t\t\t<div class=\"elementor-widget-container\">\n\t\t\t\t\t\t\t\t\t<p class=\"p1\">Vi v\u00e4rnar om din personliga integritet. N\u00e4r du handlar hos oss samlar vi in viss information f\u00f6r att kunna fullf\u00f6lja best\u00e4llningar och erbjuda en smidig k\u00f6pupplevelse. Nedan f\u00f6rklarar vi vilka uppgifter vi samlar in, varf\u00f6r vi g\u00f6r det, och hur vi behandlar dem.<\/p><h4 class=\"p2\">Vilka uppgifter vi samlar in<\/h4><p class=\"p1\">N\u00e4r du g\u00f6r en best\u00e4llning hos oss eller kontaktar oss samlar vi in:<\/p><ul><li class=\"p1\">Namn<\/li><li class=\"p1\">Adress<\/li><li class=\"p1\">Telefonnummer<\/li><li class=\"p1\">E-postadress<\/li><li class=\"p1\">Orderinformation<\/li><li class=\"p1\">IP-adress (vid bes\u00f6k p\u00e5 hemsidan)<\/li><\/ul><h4 class=\"p2\">Varf\u00f6r vi samlar in dina uppgifter<\/h4><p class=\"p1\">Vi behandlar dina personuppgifter f\u00f6r att kunna:<\/p><ul><li class=\"p1\">Hantera och leverera din best\u00e4llning<\/li><li class=\"p1\">Skicka order- och leveransbekr\u00e4ftelser<\/li><li class=\"p1\">Hantera betalningar och fakturor<\/li><li class=\"p1\">Besvara kundtj\u00e4nst\u00e4renden<\/li><li class=\"p1\">F\u00f6lja bokf\u00f6ringslagen och andra r\u00e4ttsliga skyldigheter<\/li><li class=\"p1\">F\u00f6rebygga bedr\u00e4gerier<\/li><\/ul><h4>Delning av dina uppgifter<\/h4><p class=\"p1\">Vi delar endast dina uppgifter med betrodda samarbetspartners n\u00e4r det kr\u00e4vs, exempelvis:<\/p><ul><li class=\"p1\">Betalningsleverant\u00f6rer<\/li><li class=\"p1\">Fraktbolag<\/li><li class=\"p1\">Tekniska driftpartners<\/li><\/ul><p class=\"p1\"><br \/>Alla partners \u00e4r skyldiga att f\u00f6lja GDPR och f\u00e5r inte anv\u00e4nda uppgifterna i egna syften.<\/p><h4 class=\"p2\">Hur l\u00e4nge sparas dina uppgifter?<\/h4><p class=\"p1\">Vi sparar endast personuppgifter s\u00e5 l\u00e4nge det \u00e4r n\u00f6dv\u00e4ndigt, exempelvis:<\/p><ul><li class=\"p1\">Orderuppgifter: sparas i upp till 7 \u00e5r enligt bokf\u00f6ringslagen<\/li><li class=\"p1\">Kundtj\u00e4nst\u00e4renden: upp till 12 m\u00e5nader efter avslutat \u00e4rende<\/li><\/ul><h4 class=\"p2\">Dina r\u00e4ttigheter<\/h4><p class=\"p1\">Du har r\u00e4tt att:<\/p><ul><li class=\"p1\">Beg\u00e4ra ett utdrag \u00f6ver vilka uppgifter vi har om dig<\/li><li class=\"p1\">F\u00e5 felaktiga uppgifter r\u00e4ttade<\/li><li class=\"p1\">Bli raderad (under vissa f\u00f6ruts\u00e4ttningar)<\/li><li class=\"p1\">Inv\u00e4nda mot behandling i direktmarknadsf\u00f6ringssyfte<\/li><li class=\"p1\">L\u00e4mna klagom\u00e5l till Integritetsskyddsmyndigheten (IMY)<\/li><\/ul><p class=\"p1\"><br \/>Kontakta oss p\u00e5 <span class=\"s4\">info@elwebben.se<\/span> om du vill ut\u00f6va n\u00e5gon av dina r\u00e4ttigheter.Personuppgiftsansvarig f\u00f6r behandlingen av dina personuppgifter \u00e4r<\/p><p class=\"p1\">EuroContact AB, 556629-6017, A Odhners Gata 43, SE- 42130 G\u00f6teborg.<\/p>\t\t\t\t\t\t\t\t<\/div>\n\t\t\t\t<\/div>\n\t\t\t\t\t<\/div>\n\t\t\t\t<\/div>\n\t\t\t\t<\/div>","protected":false},"excerpt":{"rendered":"<p>Vi v\u00e4rnar om din personliga integritet. N\u00e4r du handlar hos oss samlar vi in viss information f\u00f6r att kunna fullf\u00f6lja best\u00e4llningar och erbjuda en smidig k\u00f6pupplevelse. Nedan f\u00f6rklarar vi vilka uppgifter vi samlar in, varf\u00f6r vi g\u00f6r det, och hur vi behandlar dem. Vilka uppgifter vi samlar in N\u00e4r du g\u00f6r en best\u00e4llning hos oss [&hellip;]<\/p>\n","protected":false},"author":1,"featured_media":0,"parent":0,"menu_order":0,"comment_status":"closed","ping_status":"closed","template":"","meta":{"footnotes":""},"class_list":["post-965","page","type-page","status-publish","hentry"],"_links":{"self":[{"href":"https:\/\/elwebben.se\/en\/wp-json\/wp\/v2\/pages\/965","targetHints":{"allow":["GET"]}}],"collection":[{"href":"https:\/\/elwebben.se\/en\/wp-json\/wp\/v2\/pages"}],"about":[{"href":"https:\/\/elwebben.se\/en\/wp-json\/wp\/v2\/types\/page"}],"author":[{"embeddable":true,"href":"https:\/\/elwebben.se\/en\/wp-json\/wp\/v2\/users\/1"}],"replies":[{"embeddable":true,"href":"https:\/\/elwebben.se\/en\/wp-json\/wp\/v2\/comments?post=965"}],"version-history":[{"count":0,"href":"https:\/\/elwebben.se\/en\/wp-json\/wp\/v2\/pages\/965\/revisions"}],"wp:attachment":[{"href":"https:\/\/elwebben.se\/en\/wp-json\/wp\/v2\/media?parent=965"}],"curies":[{"name":"wp","href":"https:\/\/api.w.org\/{rel}","templated":true}]}}