{"id":5998,"date":"2025-11-28T13:37:47","date_gmt":"2025-11-28T13:37:47","guid":{"rendered":"https:\/\/elwebben.se\/?page_id=5998"},"modified":"2025-11-28T13:41:11","modified_gmt":"2025-11-28T13:41:11","slug":"cookies","status":"publish","type":"page","link":"https:\/\/elwebben.se\/en\/cookies\/","title":{"rendered":"Cookies"},"content":{"rendered":"<div data-elementor-type=\"wp-page\" data-elementor-id=\"5998\" class=\"elementor elementor-5998\" data-elementor-post-type=\"page\">\n\t\t\t\t<div class=\"elementor-element elementor-element-170a3dd e-flex e-con-boxed e-con e-parent\" data-id=\"170a3dd\" data-element_type=\"container\" data-e-type=\"container\">\n\t\t\t\t\t<div class=\"e-con-inner\">\n\t\t\t\t<div class=\"elementor-element elementor-element-b9225c9 elementor-widget elementor-widget-text-editor\" data-id=\"b9225c9\" data-element_type=\"widget\" data-e-type=\"widget\" data-widget_type=\"text-editor.default\">\n\t\t\t\t<div class=\"elementor-widget-container\">\n\t\t\t\t\t\t\t\t\t<h3 class=\"p1\">1. Personuppgiftsansvarig<\/h3><p class=\"p1\">Elwebben AB<br \/>Organisationsnummer: 556629-6017<br \/>E-post: <a href=\"mailto:info@elwebben.se\"><span class=\"s1\">info@elwebben.se<\/span><\/a><br \/>Adress: A Odhners Gata 43<\/p><p class=\"p1\">42130 V\u00e4stra Fr\u00f6lunda<\/p><h3 class=\"p1\">2. Vilka uppgifter samlar vi in?<\/h3><p class=\"p1\">N\u00e4r du handlar eller kontaktar oss behandlar vi f\u00f6ljande uppgifter:<\/p><ul class=\"ul1\"><li class=\"li1\">Namn<\/li><li class=\"li1\">Adress<\/li><li class=\"li1\">E-postadress<\/li><li class=\"li1\">Telefonnummer<\/li><li class=\"li1\">Best\u00e4llningsinformation (produkter, ordernummer, leveransval)<\/li><li class=\"li1\">Betalningsinformation (hanteras av Klarna\/Swish \u2013 vi f\u00e5r inte tillg\u00e5ng till dina kortuppgifter)<\/li><li class=\"li1\">IP-adress i samband med s\u00e4kerhet och orderhantering<\/li><\/ul><p class=\"p1\">Vi samlar <b>inte<\/b>\u00a0in on\u00f6diga personuppgifter och vi anv\u00e4nder <b>inte<\/b>\u00a0sp\u00e5rning, annonsering eller analysverktyg.<\/p><h3 class=\"p1\">3. Varf\u00f6r behandlar vi dina uppgifter?<\/h3><p class=\"p1\">Vi anv\u00e4nder dina uppgifter f\u00f6r att:<\/p><ul class=\"ul1\"><li class=\"li1\">hantera din best\u00e4llning<\/li><li class=\"li1\">leverera varor och hantera returer<\/li><li class=\"li1\">skicka orderbekr\u00e4ftelse och leveransinformation<\/li><li class=\"li1\">uppfylla v\u00e5ra r\u00e4ttsliga skyldigheter (t.ex. bokf\u00f6ring)<\/li><li class=\"li1\">ge kundsupport<\/li><li class=\"li1\">s\u00e4kerst\u00e4lla betalning<\/li><\/ul><h3 class=\"p1\">4. Betalning med Klarna och Swish<\/h3><h4 class=\"p1\">Klarna<\/h4><p class=\"p1\">Om du betalar via Klarna behandlar Klarna dina personuppgifter enligt sina villkor.<br \/>L\u00e4s mer: <a href=\"https:\/\/www.klarna.com\/\"><span class=\"s1\">https:\/\/www.klarna.com\/<\/span><\/a><\/p><h4 class=\"p1\">Swish<\/h4><p class=\"p1\">Vid betalning med Swish behandlar Swish och din bank dina uppgifter enligt sina egna villkor.<\/p><h3 class=\"p1\">5. Hur l\u00e4nge sparar vi dina uppgifter?<\/h3><ul class=\"ul1\"><li class=\"li1\">Order- och betalningsuppgifter: <b>7 \u00e5r<\/b>\u00a0enligt bokf\u00f6ringslagen<\/li><li class=\"li1\">Kundservice\u00e4renden: s\u00e5 l\u00e4nge \u00e4rendet \u00e4r \u00f6ppet<\/li><li class=\"li1\">Uppgifter som kr\u00e4vs f\u00f6r garanti\/reklamation: tills tiden f\u00f6r garanti eller reklamation l\u00f6pt ut<\/li><li class=\"li1\">Vi sparar inte n\u00e5got l\u00e4ngre \u00e4n n\u00f6dv\u00e4ndigt<br \/><br \/><\/li><\/ul><h3 class=\"p1\">6. Vem kan ta del av uppgifterna?<\/h3><p class=\"p1\">Vi delar endast uppgifter med:<\/p><ul class=\"ul1\"><li class=\"li1\">V\u00e5rt betalningsalternativ (Klarna\/Swish)<\/li><li class=\"li1\">V\u00e5rt lager \/ leveranspartner<\/li><li class=\"li1\">V\u00e5rt bokf\u00f6ringssystem (endast det som lagen kr\u00e4ver)<\/li><\/ul><p class=\"p1\">Vi s\u00e4ljer <b>aldrig<\/b>\u00a0dina uppgifter till tredje part.<\/p><h3 class=\"p1\">7. Dina r\u00e4ttigheter<\/h3><p class=\"p1\">Du har r\u00e4tt att:<\/p><ul class=\"ul1\"><li class=\"li1\">f\u00e5 veta vilka uppgifter vi har om dig<\/li><li class=\"li1\">beg\u00e4ra r\u00e4ttning eller radering<\/li><li class=\"li1\">inv\u00e4nda mot eller begr\u00e4nsa behandling<\/li><li class=\"li1\">f\u00e5 ut dina uppgifter (dataportabilitet)<\/li><li class=\"li1\">l\u00e4mna klagom\u00e5l till Integritetsskyddsmyndigheten (IMY)<\/li><\/ul><p class=\"p1\">Kontakta oss p\u00e5 <a href=\"mailto:info@elwebben.se\"><span class=\"s1\"><b>info@elwebben.se<\/b><\/span><\/a><b>\u00a0<\/b>om du vill anv\u00e4nda dina r\u00e4ttigheter.<\/p><h3 class=\"p1\">8. Cookies<\/h3><p class=\"p1\">Vi anv\u00e4nder bara <b>n\u00f6dv\u00e4ndiga cookies<\/b>\u00a0f\u00f6r att webbplatsen och checkouten ska fungera.<br \/>Se v\u00e5r cookie-policy f\u00f6r mer information.<\/p><h3 class=\"p1\">9. Kontakt<\/h3><p class=\"p1\">Har du fr\u00e5gor om personuppgifter eller integritet?<\/p><p class=\"p1\">Kontakta oss p\u00e5:<br \/><a href=\"mailto:info@elwebben.se\"><span class=\"s1\"><b>info@elwebben.se<\/b><\/span><\/a><\/p>\t\t\t\t\t\t\t\t<\/div>\n\t\t\t\t<\/div>\n\t\t\t\t\t<\/div>\n\t\t\t\t<\/div>\n\t\t\t\t<\/div>","protected":false},"excerpt":{"rendered":"<p>1. Personuppgiftsansvarig Elwebben ABOrganisationsnummer: 556629-6017E-post: info@elwebben.seAdress: A Odhners Gata 43 42130 V\u00e4stra Fr\u00f6lunda 2. Vilka uppgifter samlar vi in? N\u00e4r du handlar eller kontaktar oss behandlar vi f\u00f6ljande uppgifter: Namn Adress E-postadress Telefonnummer Best\u00e4llningsinformation (produkter, ordernummer, leveransval) Betalningsinformation (hanteras av Klarna\/Swish \u2013 vi f\u00e5r inte tillg\u00e5ng till dina kortuppgifter) IP-adress i samband med s\u00e4kerhet och [&hellip;]<\/p>\n","protected":false},"author":1,"featured_media":0,"parent":0,"menu_order":0,"comment_status":"closed","ping_status":"closed","template":"","meta":{"footnotes":""},"class_list":["post-5998","page","type-page","status-publish","hentry"],"_links":{"self":[{"href":"https:\/\/elwebben.se\/en\/wp-json\/wp\/v2\/pages\/5998","targetHints":{"allow":["GET"]}}],"collection":[{"href":"https:\/\/elwebben.se\/en\/wp-json\/wp\/v2\/pages"}],"about":[{"href":"https:\/\/elwebben.se\/en\/wp-json\/wp\/v2\/types\/page"}],"author":[{"embeddable":true,"href":"https:\/\/elwebben.se\/en\/wp-json\/wp\/v2\/users\/1"}],"replies":[{"embeddable":true,"href":"https:\/\/elwebben.se\/en\/wp-json\/wp\/v2\/comments?post=5998"}],"version-history":[{"count":0,"href":"https:\/\/elwebben.se\/en\/wp-json\/wp\/v2\/pages\/5998\/revisions"}],"wp:attachment":[{"href":"https:\/\/elwebben.se\/en\/wp-json\/wp\/v2\/media?parent=5998"}],"curies":[{"name":"wp","href":"https:\/\/api.w.org\/{rel}","templated":true}]}}