{"id":328,"date":"2022-04-05T08:08:05","date_gmt":"2022-04-05T08:08:05","guid":{"rendered":"https:\/\/elwebben.se\/about\/"},"modified":"2025-11-28T13:35:58","modified_gmt":"2025-11-28T13:35:58","slug":"om-oss","status":"publish","type":"page","link":"https:\/\/elwebben.se\/en\/om-oss\/","title":{"rendered":"Om elwebben"},"content":{"rendered":"<div data-elementor-type=\"wp-page\" data-elementor-id=\"328\" class=\"elementor elementor-328\" data-elementor-post-type=\"page\">\n\t\t\t\t<div class=\"elementor-element elementor-element-225befbc e-flex e-con-boxed e-con e-parent\" data-id=\"225befbc\" data-element_type=\"container\" data-e-type=\"container\">\n\t\t\t\t\t<div class=\"e-con-inner\">\n\t\t\t\t<div class=\"elementor-element elementor-element-22164e2d elementor-widget elementor-widget-text-editor\" data-id=\"22164e2d\" data-element_type=\"widget\" data-e-type=\"widget\" data-widget_type=\"text-editor.default\">\n\t\t\t\t<div class=\"elementor-widget-container\">\n\t\t\t\t\t\t\t\t\t<p class=\"p1\">Vi grundade Elwebben med en enkel id\u00e9: att g\u00f6ra det enkelt och tryggt att k\u00f6pa kvalitetsprodukter f\u00f6r elinstallation direkt online.<\/p><p class=\"p1\">Oavsett om du \u00e4r hemmafixare, elektriker eller fastighets\u00e4gare vill vi vara din sj\u00e4lvklara partner f\u00f6r p\u00e5litliga och snygga elprodukter.<\/p><h4 class=\"p2\">F\u00f6retaget:<\/h4><p class=\"p1\">Elwebben.se \u00e4gs och drivs av:<\/p><p class=\"p1\">EuroContact G\u00f6teborg AB<br \/>A Odhners Gata 43<br \/>42130 V\u00e4stra Fr\u00f6lunda<\/p><p class=\"p1\">Org nr: 556629-6017<\/p><p class=\"p1\">Har du fr\u00e5gor? Tveka inte att h\u00f6ra av dig via <span style=\"text-decoration: underline;\"><a href=\"mailto:info@elwebben.se\"><span class=\"s1\">info@elwebben.se<\/span><\/a><\/span>.<\/p>\t\t\t\t\t\t\t\t<\/div>\n\t\t\t\t<\/div>\n\t\t\t\t\t<\/div>\n\t\t\t\t<\/div>\n\t\t\t\t<\/div>","protected":false},"excerpt":{"rendered":"<p>Vi grundade Elwebben med en enkel id\u00e9: att g\u00f6ra det enkelt och tryggt att k\u00f6pa kvalitetsprodukter f\u00f6r elinstallation direkt online. Oavsett om du \u00e4r hemmafixare, elektriker eller fastighets\u00e4gare vill vi vara din sj\u00e4lvklara partner f\u00f6r p\u00e5litliga och snygga elprodukter. F\u00f6retaget: Elwebben.se \u00e4gs och drivs av: EuroContact G\u00f6teborg ABA Odhners Gata 4342130 V\u00e4stra Fr\u00f6lunda Org nr: [&hellip;]<\/p>\n","protected":false},"author":1,"featured_media":906,"parent":0,"menu_order":0,"comment_status":"closed","ping_status":"closed","template":"","meta":{"footnotes":""},"class_list":["post-328","page","type-page","status-publish","has-post-thumbnail","hentry"],"_links":{"self":[{"href":"https:\/\/elwebben.se\/en\/wp-json\/wp\/v2\/pages\/328","targetHints":{"allow":["GET"]}}],"collection":[{"href":"https:\/\/elwebben.se\/en\/wp-json\/wp\/v2\/pages"}],"about":[{"href":"https:\/\/elwebben.se\/en\/wp-json\/wp\/v2\/types\/page"}],"author":[{"embeddable":true,"href":"https:\/\/elwebben.se\/en\/wp-json\/wp\/v2\/users\/1"}],"replies":[{"embeddable":true,"href":"https:\/\/elwebben.se\/en\/wp-json\/wp\/v2\/comments?post=328"}],"version-history":[{"count":0,"href":"https:\/\/elwebben.se\/en\/wp-json\/wp\/v2\/pages\/328\/revisions"}],"wp:featuredmedia":[{"embeddable":true,"href":"https:\/\/elwebben.se\/en\/wp-json\/wp\/v2\/media\/906"}],"wp:attachment":[{"href":"https:\/\/elwebben.se\/en\/wp-json\/wp\/v2\/media?parent=328"}],"curies":[{"name":"wp","href":"https:\/\/api.w.org\/{rel}","templated":true}]}}