{"id":14,"date":"2022-10-18T09:42:38","date_gmt":"2022-10-18T09:42:38","guid":{"rendered":"https:\/\/elwebben.se\/?page_id=14"},"modified":"2025-11-28T13:37:25","modified_gmt":"2025-11-28T13:37:25","slug":"kopvillkor","status":"publish","type":"page","link":"https:\/\/elwebben.se\/en\/kopvillkor\/","title":{"rendered":"K\u00f6p- och leveransvillkor"},"content":{"rendered":"<div data-elementor-type=\"wp-page\" data-elementor-id=\"14\" class=\"elementor elementor-14\" data-elementor-post-type=\"page\">\n\t\t\t\t<div class=\"elementor-element elementor-element-78401aab e-flex e-con-boxed e-con e-parent\" data-id=\"78401aab\" data-element_type=\"container\" data-e-type=\"container\">\n\t\t\t\t\t<div class=\"e-con-inner\">\n\t\t\t\t<div class=\"elementor-element elementor-element-6d89e34a elementor-widget elementor-widget-text-editor\" data-id=\"6d89e34a\" data-element_type=\"widget\" data-e-type=\"widget\" data-widget_type=\"text-editor.default\">\n\t\t\t\t<div class=\"elementor-widget-container\">\n\t\t\t\t\t\t\t\t\t<p class=\"p1\">N\u00e4r du genomf\u00f6r ett k\u00f6p via v\u00e5r hemsida godk\u00e4nner du v\u00e5ra k\u00f6pvillkor som du finner p\u00e5 den h\u00e4r sidan.<\/p><h4 class=\"p3\">Priser och betalning<\/h4><p class=\"p1\">Alla priser anges i svenska kronor (SEK) inklusive moms (25%).<\/p><p class=\"p1\">Fri frakt \u00f6ver 1000kr annars tillkommer en fraktavgift p\u00e5 69kr.<\/p><h4 class=\"p3\">Leverans<\/h4><p class=\"p1\">Finns varan i lager skickar vi best\u00e4llningen inom 1-3 vardagar. Om produkten \u00e4r sluts\u00e5ld eller vid stora best\u00e4llningsvolymer kan leveranstiden ta mellan 1-2 veckor. Du kan \u00e4ven v\u00e4lja att h\u00e4mta din best\u00e4llning p\u00e5 v\u00e5rt lager, vardagar mellan 08:00-16:00. Vi tar inte ekonomiskt ansvar f\u00f6r eventuella f\u00f6rseningar orsakade av fraktf\u00f6retaget. Vi ansvarar heller inte f\u00f6r kostnader f\u00f6r elektriker\/installat\u00f6r som bokats innan komplett best\u00e4llning mottagits av k\u00f6paren.<\/p><h4 class=\"p3\">\u00c5ngerr\u00e4tt<\/h4><p class=\"p1\">Som kund hos oss har du alltid 14 dagars \u00e5ngerr\u00e4tt, vilket inneb\u00e4r att du kan \u00e5ngra ditt k\u00f6p inom 14 dagar fr\u00e5n att du mottagit varan. F\u00f6r att nyttja \u00e5ngerr\u00e4tten ska du meddela oss skriftligen via e-post innan \u00e5ngerfristen g\u00e5tt ut. Varan ska sedan returneras inom 14 dagar fr\u00e5n att du meddelat oss. Du kan kontakta oss via uppgifterna som du finner l\u00e4ngst ner p\u00e5 den h\u00e4r sidan eller p\u00e5 v\u00e5r kontaktsida<\/p><h4 class=\"p3\">Returvillkor<\/h4><p class=\"p1\">F\u00f6r att en retur ska godk\u00e4nnas g\u00e4ller f\u00f6ljande:<\/p><ul class=\"ul1\"><li class=\"li1\">Varan ska vara oanv\u00e4nd och i originalf\u00f6rpackning<\/li><li class=\"li1\">F\u00f6rpackningen ska vara oskadad och obruten<\/li><li class=\"li1\">Kunden ansvarar f\u00f6r returfrakt<\/li><li class=\"li1\">Returnerade produkter f\u00e5r inte vara specialbest\u00e4llda eller anpassade efter<\/li><li class=\"li1\">kundens \u00f6nskem\u00e5l<\/li><\/ul><p class=\"p1\">Vi f\u00f6rbeh\u00e5ller oss r\u00e4tten att neka retur eller g\u00f6ra v\u00e4rdeminskningsavdrag om n\u00e5got av ovanst\u00e5ende villkor inte \u00e4r uppfyllda.<\/p><h4 class=\"p1\"><span class=\"s1\">Returadress<\/span><\/h4><p class=\"p1\">Returnerade varor skickas till:<\/p><p class=\"p1\"><em>EuroContact AB<\/em><br \/><em>A Odhners Gata 43<\/em><br \/><em>421 30 V\u00e4stra Fr\u00f6lunda<\/em><\/p><p class=\"p1\">Returer som skickas med postf\u00f6rskott eller utan kontakt med oss i f\u00f6rv\u00e4g godk\u00e4nns ej.<\/p><h4 class=\"p3\">\u00c5terbetalning<\/h4><p class=\"p1\">N\u00e4r vi mottagit och godk\u00e4nt returen betalar vi tillbaka beloppet inom 14 dagar, med samma betalningsmetod som du anv\u00e4nt vid k\u00f6pet. Fraktkostnader \u00e5terbetalas endast vid godk\u00e4nd reklamation eller fel p\u00e5 varan.<\/p><h4 class=\"p3\">Reklamation<\/h4><p class=\"p1\">Vid reklamation:<\/p><ol class=\"ol1\"><li class=\"li1\">Kontakta oss s\u00e5 snart som m\u00f6jligt efter att felet uppt\u00e4ckts.<\/li><li class=\"li1\">Skicka bild\/beskrivning av felet.<\/li><li class=\"li1\">Vi st\u00e5r f\u00f6r returfrakten vid godk\u00e4nd reklamation.<\/li><\/ol><h4 class=\"p3\">Ej uth\u00e4mtade paket<\/h4><p class=\"p1\">Om du inte h\u00e4mtar ut ditt paket och det returneras till oss debiteras en avgift p\u00e5 150kr f\u00f6r att t\u00e4cka v\u00e5ra frakt- och hanteringskostnader.<\/p><h3>Fr\u00e5gor?<\/h3><p class=\"p1\">Kontakta oss g\u00e4rna vid fr\u00e5gor om retur eller reklamation.<\/p><p class=\"p2\"><span style=\"text-decoration: underline;\"><a href=\"mailto:info@elwebben.se\">info@elwebben.se<\/a><\/span><\/p><p class=\"p1\"><span style=\"text-decoration: underline;\"><a href=\"tel:+46317067510\">031 706 75 10<\/a><\/span><\/p>\t\t\t\t\t\t\t\t<\/div>\n\t\t\t\t<\/div>\n\t\t\t\t\t<\/div>\n\t\t\t\t<\/div>\n\t\t\t\t<\/div>","protected":false},"excerpt":{"rendered":"<p>N\u00e4r du genomf\u00f6r ett k\u00f6p via v\u00e5r hemsida godk\u00e4nner du v\u00e5ra k\u00f6pvillkor som du finner p\u00e5 den h\u00e4r sidan. Priser och betalning Alla priser anges i svenska kronor (SEK) inklusive moms (25%). Fri frakt \u00f6ver 1000kr annars tillkommer en fraktavgift p\u00e5 69kr. Leverans Finns varan i lager skickar vi best\u00e4llningen inom 1-3 vardagar. Om produkten [&hellip;]<\/p>\n","protected":false},"author":1,"featured_media":0,"parent":0,"menu_order":0,"comment_status":"closed","ping_status":"closed","template":"","meta":{"footnotes":""},"class_list":["post-14","page","type-page","status-publish","hentry"],"_links":{"self":[{"href":"https:\/\/elwebben.se\/en\/wp-json\/wp\/v2\/pages\/14","targetHints":{"allow":["GET"]}}],"collection":[{"href":"https:\/\/elwebben.se\/en\/wp-json\/wp\/v2\/pages"}],"about":[{"href":"https:\/\/elwebben.se\/en\/wp-json\/wp\/v2\/types\/page"}],"author":[{"embeddable":true,"href":"https:\/\/elwebben.se\/en\/wp-json\/wp\/v2\/users\/1"}],"replies":[{"embeddable":true,"href":"https:\/\/elwebben.se\/en\/wp-json\/wp\/v2\/comments?post=14"}],"version-history":[{"count":0,"href":"https:\/\/elwebben.se\/en\/wp-json\/wp\/v2\/pages\/14\/revisions"}],"wp:attachment":[{"href":"https:\/\/elwebben.se\/en\/wp-json\/wp\/v2\/media?parent=14"}],"curies":[{"name":"wp","href":"https:\/\/api.w.org\/{rel}","templated":true}]}}